{"id":1357,"date":"2019-02-17T12:54:52","date_gmt":"2019-02-17T12:54:52","guid":{"rendered":"https:\/\/demo.casethemes.net\/lawsight\/?page_id=1357"},"modified":"2022-10-05T12:42:12","modified_gmt":"2022-10-05T15:42:12","slug":"faqs","status":"publish","type":"page","link":"https:\/\/abogados-maryland.com\/es\/faqs\/","title":{"rendered":"FAQ"},"content":{"rendered":"<div class=\"vc_row wpb_row vc_row-fluid bg-image-ps-inherit\"><div class=\"wpb_column vc_column_container vc_col-sm-12\"><div class=\"vc_column-inner vc_custom_1551769316197\"><div class=\"wpb_wrapper\"><div class=\"vc_row wpb_row vc_inner vc_row-fluid\"><div class=\"wpb_column vc_column_container vc_col-sm-3\"><div class=\"vc_column-inner\"><div class=\"wpb_wrapper\"><\/div><\/div><\/div><div class=\"wpb_column vc_column_container vc_col-sm-6 rm-padding-lg\"><div class=\"vc_column-inner vc_custom_1551768476602\"><div class=\"wpb_wrapper\"><div id=\"ct-heading\" class=\"ct-heading  style1 align-center align-center-md align-center-sm align-center-xs\">\n    \n            <style type=\"text\/css\">\n            @media (min-width: 768px) and (max-width: 991px) {\n                #ct-heading .ct-heading-tag {\n                                            font-size: 24px !important;\n                                                        }\n            }\n        <\/style>\n    \n            <style type=\"text\/css\">\n            @media screen and (max-width: 767px) {\n                #ct-heading .ct-heading-tag {\n                                            font-size: 24px !important;\n                                                        }\n            }\n        <\/style>\n                <div class=\"ct-heading-sub\" >\n            <span ><\/span>\n            Nuestros Clientes        <\/div>\n            <h3 class=\"ct-heading-tag\" style=\"margin-bottom:0px; \">\n                                    Preguntas <cite>Frecuentes<\/cite>                        <\/h3>\n            <div class=\"h-gap\">\n            <span>\n                <i ><\/i>\n                <i ><\/i>\n                <i ><\/i>\n                <i ><\/i>\n            <\/span>\n        <\/div>\n        <\/div><\/div><\/div><\/div><div class=\"wpb_column vc_column_container vc_col-sm-3\"><div class=\"vc_column-inner\"><div class=\"wpb_wrapper\"><\/div><\/div><\/div><\/div><\/div><\/div><\/div><\/div><div class=\"vc_row wpb_row vc_row-fluid vc_custom_1551769324929 bg-image-ps-inherit\"><div class=\"wpb_column vc_column_container vc_col-sm-7 vc_col-lg-8 vc_col-md-8\"><div class=\"vc_column-inner vc_custom_1551769626819\"><div class=\"wpb_wrapper\"><div class=\"vc_tta-container\" data-vc-action=\"collapse\"><div class=\"vc_general vc_tta vc_tta-accordion vc_tta-style-default vc_tta-o-shape-group\"><div class=\"vc_tta-panels-container\"><div class=\"vc_tta-panels\"><div class=\"vc_tta-panel\" id=\"1550818638171-cf659216-d614\" data-vc-content=\".vc_tta-panel-body\"><div class=\"vc_tta-panel-heading\"><h4 class=\"vc_tta-panel-title\"><a href=\"#1550818638171-cf659216-d614\" data-vc-accordion data-vc-container=\".vc_tta-container\"><span class=\"vc_tta-title-text\">\u00bfEn qu\u00e9 me beneficia una bancarrota?<\/span><\/a><\/h4><\/div><div class=\"vc_tta-panel-body\">\n\t<div class=\"wpb_text_column wpb_content_element\" >\n\t\t<div class=\"wpb_wrapper\">\n\t\t\t<p>La idea detr\u00e1s de las leyes de bancarrota es proveerles una herramienta a aquellos deudores que por su situaci\u00f3n econ\u00f3mica no tienen el dinero necesario para pagar sus deudas y darles una nueva oportunidad (\u201cfresh start\u201d).<\/p>\n<p>El objetivo del deudor es llegar a obtener un descargo o exoneraci\u00f3n de todas aquellas deudas que sean exonerables.  El descargo o exoneraci\u00f3n, tambi\u00e9n conocido como rehabilitaci\u00f3n, es una orden de la corte por medio de la cual un juez federal de bancarrota declara que el deudor no es responsable legalmente por aquellas deudas que sean descargables, eliminando as\u00ed los recursos legales que puedan tener sus acreedores para el cobro de dichas deudas.<\/p>\n\n\t\t<\/div>\n\t<\/div>\n<\/div><\/div><div class=\"vc_tta-panel\" id=\"1550818653780-0d5002a8-3725\" data-vc-content=\".vc_tta-panel-body\"><div class=\"vc_tta-panel-heading\"><h4 class=\"vc_tta-panel-title\"><a href=\"#1550818653780-0d5002a8-3725\" data-vc-accordion data-vc-container=\".vc_tta-container\"><span class=\"vc_tta-title-text\">\u00bfQu\u00e9 tipos de bancarrota hay para las personas que est\u00e1n pasando por situaciones econ\u00f3micas dif\u00edciles?<\/span><\/a><\/h4><\/div><div class=\"vc_tta-panel-body\">\n\t<div class=\"wpb_text_column wpb_content_element\" >\n\t\t<div class=\"wpb_wrapper\">\n\t\t\t<p>Por lo general hay dos tipos de bancarrota que ayudan a proteger a las personas que est\u00e1n pasando por situaciones econ\u00f3micas que no les permiten poder pagar a sus acreedores: el Cap\u00edtulo 7 y el Cap\u00edtulo 13 del C\u00f3digo de Bancarrota, explicados m\u00e1s adelante.<\/p>\n<p>Adem\u00e1s est\u00e1n los procesos del Cap\u00edtulo 11 que por lo general aplican a personas que tienen bienes por sobre los l\u00edmites de deudas establecidos para el Cap\u00edtulo 13 y quieren proteger esos bienes contra los cobros de sus acreedores.<\/p>\n\n\t\t<\/div>\n\t<\/div>\n<\/div><\/div><div class=\"vc_tta-panel vc_active\" id=\"1550819014472-f9e45d95-7a02\" data-vc-content=\".vc_tta-panel-body\"><div class=\"vc_tta-panel-heading\"><h4 class=\"vc_tta-panel-title\"><a href=\"#1550819014472-f9e45d95-7a02\" data-vc-accordion data-vc-container=\".vc_tta-container\"><span class=\"vc_tta-title-text\">\u00bfQu\u00e9 protecciones le ofrece la Bancarrota a la persona?<\/span><\/a><\/h4><\/div><div class=\"vc_tta-panel-body\">\n\t<div class=\"wpb_text_column wpb_content_element\" >\n\t\t<div class=\"wpb_wrapper\">\n\t\t\t<p>Por lo general, el presentar una petici\u00f3n de bancarrota pone en funcionamiento un mecanismo legal llamado \u201csuspensi\u00f3n autom\u00e1tica\u201d (\u201cautomatic stay\u201d). Este mecanismo detiene todos los procesos legales de cobros en contra de la persona y adem\u00e1s obliga a los acreedores a detener todo tipo de contacto con la persona que declara bancarrota. Debido a esto, procesos de desalojo o evicci\u00f3n de una propiedad, remates de propiedad, reposesiones de veh\u00edculos, embargos del salario y cuentas bancarias se detienen.<\/p>\n\n\t\t<\/div>\n\t<\/div>\n<\/div><\/div><div class=\"vc_tta-panel\" id=\"1550819026187-970c9ce8-968d\" data-vc-content=\".vc_tta-panel-body\"><div class=\"vc_tta-panel-heading\"><h4 class=\"vc_tta-panel-title\"><a href=\"#1550819026187-970c9ce8-968d\" data-vc-accordion data-vc-container=\".vc_tta-container\"><span class=\"vc_tta-title-text\">\u00bfQu\u00e9 es un Cap\u00edtulo 7 y en qu\u00e9 me beneficia?<\/span><\/a><\/h4><\/div><div class=\"vc_tta-panel-body\">\n\t<div class=\"wpb_text_column wpb_content_element\" >\n\t\t<div class=\"wpb_wrapper\">\n\t\t\t<p>El objetivo del Cap\u00edtulo 7, tambi\u00e9n llamado bancarrota directa o liquidaci\u00f3n, es darle al deudor un nuevo comienzo.  El Cap\u00edtulo 7 busca eliminar todas aquellas deudas descargables, que son la mayor\u00eda de deudas. En este tipo de casos la corte nombra a un administrador o fideicomisario para determinar si hay bienes no exentos que se puedan vender o liquidar para pagar a los acreedores. Sin embargo, en la mayor\u00eda de estos casos todos o casi todos los bienes de los deudores se pueden exentar y, por lo general, los deudores terminan qued\u00e1ndose con todos sus bienes.<\/p>\n\n\t\t<\/div>\n\t<\/div>\n<\/div><\/div><div class=\"vc_tta-panel\" id=\"1550819037277-7bd3cff1-2ee8\" data-vc-content=\".vc_tta-panel-body\"><div class=\"vc_tta-panel-heading\"><h4 class=\"vc_tta-panel-title\"><a href=\"#1550819037277-7bd3cff1-2ee8\" data-vc-accordion data-vc-container=\".vc_tta-container\"><span class=\"vc_tta-title-text\">\u00bfCu\u00e1les son los principales motivos por los cuales las personas no pueden solicitar protecci\u00f3n bajo las leyes del Cap\u00edtulo 7?<\/span><\/a><\/h4><\/div><div class=\"vc_tta-panel-body\">\n\t<div class=\"wpb_text_column wpb_content_element\" >\n\t\t<div class=\"wpb_wrapper\">\n\t\t\t<p>Entre los motivos principales por los cuales las personas no solicitan la protecci\u00f3n bajo las leyes de bancarrota del Cap\u00edtulo 7:<\/p>\n<ul>\n<li>Sus ingresos mensuales actuales est\u00e1n por sobre el promedio de ingresos de una familia del tama\u00f1o de la suya fijado para su estado. Sus ingresos mensuales actuales se calculan obteniendo el promedio de los ingresos que usted haya tenido durante los \u00faltimos seis meses.<\/li>\n<li>Sus ingresos mensuales actuales est\u00e1n por debajo del promedio de ingresos de una familia del tama\u00f1o de la suya fijado para su estado, pero luego de pagar todos sus gastos habituales usted a\u00fan tiene dinero disponible para pagarles a sus acreedores.<\/li>\n<li>Usted present\u00f3 una bancarrota del Cap\u00edtulo 7 dentro de los \u00faltimos ocho a\u00f1os.<\/li>\n<\/ul>\n<p>Si este es su caso, usted podr\u00eda explorar la posibilidad de presentar una Bancarrota del Cap\u00edtulo 13.  Adem\u00e1s, hay situaciones en las cuales aunque usted pueda calificar al Cap\u00edtulo 7, ser\u00eda m\u00e1s favorable para usted presentar un Cap\u00edtulo 13.<\/p>\n\n\t\t<\/div>\n\t<\/div>\n<\/div><\/div><div class=\"vc_tta-panel\" id=\"1618429827414-4626dde7-7782\" data-vc-content=\".vc_tta-panel-body\"><div class=\"vc_tta-panel-heading\"><h4 class=\"vc_tta-panel-title\"><a href=\"#1618429827414-4626dde7-7782\" data-vc-accordion data-vc-container=\".vc_tta-container\"><span class=\"vc_tta-title-text\">\u00bfQu\u00e9 es un Cap\u00edtulo 13 y en qu\u00e9 me beneficia?<\/span><\/a><\/h4><\/div><div class=\"vc_tta-panel-body\">\n\t<div class=\"wpb_text_column wpb_content_element\" >\n\t\t<div class=\"wpb_wrapper\">\n\t\t\t<p>El Cap\u00edtulo 13 del C\u00f3digo de Bancarrota es un proceso que dura de tres a cinco a\u00f1os.  La persona presenta una petici\u00f3n a la corte de bancarrota solicitando protecci\u00f3n puesto que no puede pagar todas sus deudas. La persona le presenta un plan de pago de deudas a la corte.<\/p>\n<p>La corte nombra un administrador quien verifica sus ingresos y gastos mensuales, y administra los pagos del plan. Una de las principales ventajas del Cap\u00edtulo 13 es que la persona lidia con sus acreedores en un mismo proceso.<\/p>\n<p>El pago mensual var\u00eda dependiendo del tipo de deudas que tiene la persona. Ciertas deudas deben ser pagadas en su totalidad como las \u201cdeudas prioritarias\u201d (como lo ser\u00edan ciertos impuestos estatales o federales, obligaciones de pensi\u00f3n alimentaria, etc.); los atrasos en el pago de su hipoteca o pr\u00e9stamo de veh\u00edculo; y grav\u00e1menes sobre sus bienes, entre otros. Por otro lado, la mayor\u00eda de las deudas con los acreedores no asegurados son pagadas parcialmente de acuerdo con las posibilidades de la persona. Por lo general, el saldo en las deudas no aseguradas son descargadas al final del Cap\u00edtulo 13.<\/p>\n\n\t\t<\/div>\n\t<\/div>\n<\/div><\/div><div class=\"vc_tta-panel\" id=\"1618429878487-104a0b6b-2c8f\" data-vc-content=\".vc_tta-panel-body\"><div class=\"vc_tta-panel-heading\"><h4 class=\"vc_tta-panel-title\"><a href=\"#1618429878487-104a0b6b-2c8f\" data-vc-accordion data-vc-container=\".vc_tta-container\"><span class=\"vc_tta-title-text\">\u00bfCu\u00e1les son los principales motivos por los cuales la gente solicita protecci\u00f3n bajo las leyes del Cap\u00edtulo 13 del C\u00f3digo de Bancarrota?<\/span><\/a><\/h4><\/div><div class=\"vc_tta-panel-body\">\n\t<div class=\"wpb_text_column wpb_content_element\" >\n\t\t<div class=\"wpb_wrapper\">\n\t\t\t<p>Entre los principales motivos por los cuales las personas solicitan la protecci\u00f3n del Cap\u00edtulo 13 est\u00e1n:<\/p>\n<ul>\n<li>La persona no califica para el Cap\u00edtulo 7.<\/li>\n<li>La persona desea pagarle a sus acreedores sin incurrir en el pago de m\u00e1s intereses y teniendo un monto mensual fijo.<\/li>\n<li>La persona est\u00e1 atrasada con el pago de su hipoteca, el acreedor quiere rematarle la propiedad y la persona desea detener el remate y ponerse al d\u00eda con el pago de la hipoteca.<\/li>\n<li>La persona tiene dos pr\u00e9stamos hipotecarios en su residencia, el valor de su residencia es menor de lo adeudado en el segundo pr\u00e9stamo, y la persona desea eliminar el segundo pr\u00e9stamo.<\/li>\n<li>La persona est\u00e1 atrasada con el pago de su veh\u00edculo, el acreedor pretende recuperar la posesi\u00f3n del veh\u00edculo y rematarlo, y la persona desea detener la reposesi\u00f3n y ponerse al d\u00eda con los pagos del mismo.<\/li>\n<li>La persona debe mucho dinero al fisco por impuestos no descargables y necesita protecci\u00f3n contra los embargos salariales o de cuentas bancarias.<\/li>\n<li>La persona tiene bienes con mucha plusval\u00eda (lo que deben en esos bienes es menos de lo que vale el bien y se puede rematar y pagar a los acreedores con la ganancia), ha agotado sus exenciones  y quiere quedarse con esos bienes.<\/li>\n<\/ul>\n<p>El Cap\u00edtulo 13 le ofrece las mismas protecciones del Cap\u00edtulo 7, adem\u00e1s de proteger los bienes que no se hayan podido exentar y dejarle realizar pagos que por lo general son mucho m\u00e1s bajos que los pagos que tendr\u00eda que hacer si no presentara la solicitud de protecci\u00f3n bajo el Cap\u00edtulo 13.<\/p>\n\n\t\t<\/div>\n\t<\/div>\n<\/div><\/div><div class=\"vc_tta-panel\" id=\"1618429947412-a8073094-6b35\" data-vc-content=\".vc_tta-panel-body\"><div class=\"vc_tta-panel-heading\"><h4 class=\"vc_tta-panel-title\"><a href=\"#1618429947412-a8073094-6b35\" data-vc-accordion data-vc-container=\".vc_tta-container\"><span class=\"vc_tta-title-text\">\u00bfCu\u00e1les son las deudas que no son descargables?<\/span><\/a><\/h4><\/div><div class=\"vc_tta-panel-body\">\n\t<div class=\"wpb_text_column wpb_content_element\" >\n\t\t<div class=\"wpb_wrapper\">\n\t\t\t<p>Algunas deudas son consideradas no descargables y por lo tanto, aunque la persona reciba un descargo, la deuda sobrevive la bancarrota y el acreedor puede cobrar la deuda una vez que la persona haya salido de bancarrota. Los siguientes son ejemplos de deudas que no son descargables y por lo general sobreviven la bancarrota:<\/p>\n<ul>\n<li>Ciertas deudas por motivo de impuestos estatales o federales adeudados.<\/li>\n<li>Deudas por motivo de pensi\u00f3n alimentaria atrasada.<\/li>\n<li>Deudas adquiridas en procesos de divorcio o separaci\u00f3n en favor del ex c\u00f3nyuge o un hijo(a).<\/li>\n<li>Deudas por concepto de multas y penalidades en favor de una entidad gubernamental.<\/li>\n<li>Pr\u00e9stamos estudiantiles.<\/li>\n<\/ul>\n\n\t\t<\/div>\n\t<\/div>\n<\/div><\/div><div class=\"vc_tta-panel\" id=\"1618430007613-2bdc708e-c473\" data-vc-content=\".vc_tta-panel-body\"><div class=\"vc_tta-panel-heading\"><h4 class=\"vc_tta-panel-title\"><a href=\"#1618430007613-2bdc708e-c473\" data-vc-accordion data-vc-container=\".vc_tta-container\"><span class=\"vc_tta-title-text\">\u00bfQu\u00e9 beneficios tiene para las personas declarar bancarrota?<\/span><\/a><\/h4><\/div><div class=\"vc_tta-panel-body\">\n\t<div class=\"wpb_text_column wpb_content_element\" >\n\t\t<div class=\"wpb_wrapper\">\n\t\t\t<p>Entre los principales beneficios que generalmente obtienen las personas al declararse en bancarrota est\u00e1n los siguientes:<\/p>\n<ul>\n<li>Detiene temporalmente procesos de remate de la propiedad, el desalojo o la evicci\u00f3n, d\u00e1ndole a la persona m\u00e1s tiempo para poder tomar una decisi\u00f3n razonada y, dependiendo del tipo de bancarrota, le da la posibilidad de ponerse al d\u00eda con los pagos de la hipoteca o le da tiempo de encontrar donde reubicarse.<\/li>\n<li>Detiene el acoso, las llamadas a horas no adecuadas, las llamadas a la oficina de su empleador, las cartas de cobro, entre otros, de sus acreedores.<\/li>\n<li>Detiene los embargos de las cuentas bancarias y del salario.<\/li>\n<li>Le proporciona a la persona la tranquilidad que brinda el saber que le est\u00e1 haciendo frente su situaci\u00f3n y est\u00e1 en camino de encontrarle una soluci\u00f3n.<\/li>\n<li>Una vez que usted obtiene el descargo, por lo general le ayudan a mejorar el cr\u00e9dito de la persona.<\/li>\n<\/ul>\n<p>Los beneficios y la tranquilidad que le puede proporcionar un caso de bancarrota son muchos. Las leyes de bancarrota son complejas y es por eso que usted necesita un profesional con experiencia en esta \u00e1rea legal que le ayude a navegarlas. Cont\u00e1ctenos hoy mismo y deje que nuestra experiencia trabaje para usted.<\/p>\n\n\t\t<\/div>\n\t<\/div>\n<\/div><\/div><\/div><\/div><\/div><\/div><\/div><\/div><\/div><div class=\"wpb_column vc_column_container vc_col-sm-5 vc_col-lg-4 vc_col-md-4\"><div class=\"vc_column-inner vc_custom_1551769635793\"><div class=\"wpb_wrapper\">    <div class=\"ct-contact-form-default   style3\">\n        <div class=\"ct-contact-form-inner\">\n        \t        \t\t<div class=\"ct-contact-form-meta\">\n\t\t        \t<h3>\u00bfA\u00fan necesitas una <cite>consulta<\/cite>?<\/h3>\n\t\t        \t<span>A\u00fan podemos ayudarte.<br \/>\nLlena con toda la informaci\u00f3n en el formulario<\/span>\n\t\t        <\/div>\n\t                    \n<div class=\"wpcf7 no-js\" id=\"wpcf7-f1639-o1\" lang=\"en-US\" dir=\"ltr\" data-wpcf7-id=\"1639\">\n<div class=\"screen-reader-response\"><p role=\"status\" aria-live=\"polite\" aria-atomic=\"true\"><\/p> <ul><\/ul><\/div>\n<form action=\"\/es\/wp-json\/wp\/v2\/pages\/1357#wpcf7-f1639-o1\" method=\"post\" class=\"wpcf7-form init\" aria-label=\"Contact form\" novalidate=\"novalidate\" data-status=\"init\" data-trp-original-action=\"\/es\/wp-json\/wp\/v2\/pages\/1357#wpcf7-f1639-o1\">\n<fieldset class=\"hidden-fields-container\"><input type=\"hidden\" name=\"_wpcf7\" value=\"1639\" \/><input type=\"hidden\" name=\"_wpcf7_version\" value=\"6.1.2\" \/><input type=\"hidden\" name=\"_wpcf7_locale\" value=\"en_US\" \/><input type=\"hidden\" name=\"_wpcf7_unit_tag\" value=\"wpcf7-f1639-o1\" \/><input type=\"hidden\" name=\"_wpcf7_container_post\" value=\"0\" \/><input type=\"hidden\" name=\"_wpcf7_posted_data_hash\" value=\"\" \/><input type=\"hidden\" name=\"_wpcf7_recaptcha_response\" value=\"\" \/>\n<\/fieldset>\n<div class=\"input-filled\">\n\t<p><span class=\"wpcf7-form-control-wrap\" data-name=\"your-name\"><input size=\"40\" maxlength=\"400\" class=\"wpcf7-form-control wpcf7-text wpcf7-validates-as-required\" aria-required=\"true\" aria-invalid=\"false\" placeholder=\"Nombre\" value=\"\" type=\"text\" name=\"your-name\" \/><\/span>\n\t<\/p>\n<\/div>\n<div class=\"input-filled\">\n\t<p><span class=\"wpcf7-form-control-wrap\" data-name=\"your-email\"><input size=\"40\" maxlength=\"400\" class=\"wpcf7-form-control wpcf7-email wpcf7-validates-as-required wpcf7-text wpcf7-validates-as-email\" aria-required=\"true\" aria-invalid=\"false\" placeholder=\"Correo Electr\u00f3nico\" value=\"\" type=\"email\" name=\"your-email\" \/><\/span>\n\t<\/p>\n<\/div>\n<div class=\"input-filled\">\n\t<p><span class=\"wpcf7-form-control-wrap\" data-name=\"your-phone\"><input size=\"40\" maxlength=\"400\" class=\"wpcf7-form-control wpcf7-text wpcf7-validates-as-required\" aria-required=\"true\" aria-invalid=\"false\" placeholder=\"Tel\u00e9fono\" value=\"\" type=\"text\" name=\"your-phone\" \/><\/span>\n\t<\/p>\n<\/div>\n<div class=\"input-filled\">\n\t<p><span class=\"wpcf7-form-control-wrap\" data-name=\"your-message\"><textarea cols=\"40\" rows=\"10\" maxlength=\"2000\" class=\"wpcf7-form-control wpcf7-textarea wpcf7-validates-as-required\" aria-required=\"true\" aria-invalid=\"false\" placeholder=\"Realiza cualquier consulta...\" name=\"your-message\"><\/textarea><\/span>\n\t<\/p>\n<\/div>\n<p><input class=\"wpcf7-form-control wpcf7-submit has-spinner btn\" type=\"submit\" value=\"Enviar ahora\" \/>\n<\/p><div class=\"wpcf7-response-output\" aria-hidden=\"true\"><\/div>\n<input type=\"hidden\" name=\"trp-form-language\" value=\"es\"\/><\/form>\n<\/div>\n        <\/div>\n    <\/div>\n<\/div><\/div><\/div><\/div>","protected":false},"excerpt":{"rendered":"Our Clients Frequently asked questions How does a bankruptcy benefit me? The idea behind bankruptcy laws is to provide a tool to those debtors who due to their economic situation do not have the money to pay their debts and give them a new opportunity (\"fresh start\"). The objective of the debtor is to obtain [...]","protected":false},"author":1,"featured_media":0,"parent":0,"menu_order":0,"comment_status":"closed","ping_status":"closed","template":"","meta":{"footnotes":""},"class_list":["post-1357","page","type-page","status-publish","hentry"],"yoast_head":"<!-- This site is optimized with the Yoast SEO plugin v26.1.1 - https:\/\/yoast.com\/wordpress\/plugins\/seo\/ -->\n<title>FAQ - Abogados Maryland, Debt Relief Agency<\/title>\n<meta name=\"description\" content=\"Frequently Asked Questions. Bankruptcy needs, chapter 7, Chapter 13 Bankruptcy code\" \/>\n<meta name=\"robots\" content=\"index, follow, max-snippet:-1, max-image-preview:large, max-video-preview:-1\" \/>\n<link rel=\"canonical\" href=\"https:\/\/abogados-maryland.com\/es\/faqs\/\" \/>\n<meta property=\"og:locale\" content=\"es_ES\" \/>\n<meta property=\"og:type\" content=\"article\" \/>\n<meta property=\"og:title\" content=\"FAQ - Abogados Maryland, Debt Relief Agency\" \/>\n<meta property=\"og:description\" content=\"Frequently Asked Questions. Bankruptcy needs, chapter 7, Chapter 13 Bankruptcy code\" \/>\n<meta property=\"og:url\" content=\"https:\/\/abogados-maryland.com\/es\/faqs\/\" \/>\n<meta property=\"og:site_name\" content=\"Abogados Maryland\" \/>\n<meta property=\"article:modified_time\" content=\"2022-10-05T15:42:12+00:00\" \/>\n<meta name=\"twitter:card\" content=\"summary_large_image\" \/>\n<meta name=\"twitter:label1\" content=\"Tiempo de lectura\" \/>\n\t<meta name=\"twitter:data1\" content=\"8 minutos\" \/>\n<script type=\"application\/ld+json\" class=\"yoast-schema-graph\">{\"@context\":\"https:\/\/schema.org\",\"@graph\":[{\"@type\":\"WebPage\",\"@id\":\"https:\/\/abogados-maryland.com\/en\/faqs\/\",\"url\":\"https:\/\/abogados-maryland.com\/en\/faqs\/\",\"name\":\"FAQ - Abogados Maryland, Debt Relief Agency\",\"isPartOf\":{\"@id\":\"https:\/\/abogados-maryland.com\/en\/#website\"},\"datePublished\":\"2019-02-17T12:54:52+00:00\",\"dateModified\":\"2022-10-05T15:42:12+00:00\",\"description\":\"Frequently Asked Questions. Bankruptcy needs, chapter 7, Chapter 13 Bankruptcy code\",\"breadcrumb\":{\"@id\":\"https:\/\/abogados-maryland.com\/en\/faqs\/#breadcrumb\"},\"inLanguage\":\"es\",\"potentialAction\":[{\"@type\":\"ReadAction\",\"target\":[\"https:\/\/abogados-maryland.com\/en\/faqs\/\"]}]},{\"@type\":\"BreadcrumbList\",\"@id\":\"https:\/\/abogados-maryland.com\/en\/faqs\/#breadcrumb\",\"itemListElement\":[{\"@type\":\"ListItem\",\"position\":1,\"name\":\"Home\",\"item\":\"https:\/\/abogados-maryland.com\/en\/\"},{\"@type\":\"ListItem\",\"position\":2,\"name\":\"FAQ\"}]},{\"@type\":\"WebSite\",\"@id\":\"https:\/\/abogados-maryland.com\/en\/#website\",\"url\":\"https:\/\/abogados-maryland.com\/en\/\",\"name\":\"Abogados Maryland\",\"description\":\"Debt Relief Agency\",\"potentialAction\":[{\"@type\":\"SearchAction\",\"target\":{\"@type\":\"EntryPoint\",\"urlTemplate\":\"https:\/\/abogados-maryland.com\/en\/?s={search_term_string}\"},\"query-input\":{\"@type\":\"PropertyValueSpecification\",\"valueRequired\":true,\"valueName\":\"search_term_string\"}}],\"inLanguage\":\"es\"}]}<\/script>\n<!-- \/ Yoast SEO plugin. -->","yoast_head_json":{"title":"FAQ - Abogados Maryland, Debt Relief Agency","description":"Frequently Asked Questions. Bankruptcy needs, chapter 7, Chapter 13 Bankruptcy code","robots":{"index":"index","follow":"follow","max-snippet":"max-snippet:-1","max-image-preview":"max-image-preview:large","max-video-preview":"max-video-preview:-1"},"canonical":"https:\/\/abogados-maryland.com\/es\/faqs\/","og_locale":"es_ES","og_type":"article","og_title":"FAQ - Abogados Maryland, Debt Relief Agency","og_description":"Frequently Asked Questions. Bankruptcy needs, chapter 7, Chapter 13 Bankruptcy code","og_url":"https:\/\/abogados-maryland.com\/es\/faqs\/","og_site_name":"Abogados Maryland","article_modified_time":"2022-10-05T15:42:12+00:00","twitter_card":"summary_large_image","twitter_misc":{"Tiempo de lectura":"8 minutos"},"schema":{"@context":"https:\/\/schema.org","@graph":[{"@type":"WebPage","@id":"https:\/\/abogados-maryland.com\/en\/faqs\/","url":"https:\/\/abogados-maryland.com\/en\/faqs\/","name":"FAQ - Abogados Maryland, Debt Relief Agency","isPartOf":{"@id":"https:\/\/abogados-maryland.com\/en\/#website"},"datePublished":"2019-02-17T12:54:52+00:00","dateModified":"2022-10-05T15:42:12+00:00","description":"Frequently Asked Questions. Bankruptcy needs, chapter 7, Chapter 13 Bankruptcy code","breadcrumb":{"@id":"https:\/\/abogados-maryland.com\/en\/faqs\/#breadcrumb"},"inLanguage":"es","potentialAction":[{"@type":"ReadAction","target":["https:\/\/abogados-maryland.com\/en\/faqs\/"]}]},{"@type":"BreadcrumbList","@id":"https:\/\/abogados-maryland.com\/en\/faqs\/#breadcrumb","itemListElement":[{"@type":"ListItem","position":1,"name":"Home","item":"https:\/\/abogados-maryland.com\/en\/"},{"@type":"ListItem","position":2,"name":"FAQ"}]},{"@type":"WebSite","@id":"https:\/\/abogados-maryland.com\/en\/#website","url":"https:\/\/abogados-maryland.com\/en\/","name":"Abogados Maryland","description":"Debt Relief Agency","potentialAction":[{"@type":"SearchAction","target":{"@type":"EntryPoint","urlTemplate":"https:\/\/abogados-maryland.com\/en\/?s={search_term_string}"},"query-input":{"@type":"PropertyValueSpecification","valueRequired":true,"valueName":"search_term_string"}}],"inLanguage":"es"}]}},"_links":{"self":[{"href":"https:\/\/abogados-maryland.com\/es\/wp-json\/wp\/v2\/pages\/1357","targetHints":{"allow":["GET"]}}],"collection":[{"href":"https:\/\/abogados-maryland.com\/es\/wp-json\/wp\/v2\/pages"}],"about":[{"href":"https:\/\/abogados-maryland.com\/es\/wp-json\/wp\/v2\/types\/page"}],"author":[{"embeddable":true,"href":"https:\/\/abogados-maryland.com\/es\/wp-json\/wp\/v2\/users\/1"}],"replies":[{"embeddable":true,"href":"https:\/\/abogados-maryland.com\/es\/wp-json\/wp\/v2\/comments?post=1357"}],"version-history":[{"count":7,"href":"https:\/\/abogados-maryland.com\/es\/wp-json\/wp\/v2\/pages\/1357\/revisions"}],"predecessor-version":[{"id":3041,"href":"https:\/\/abogados-maryland.com\/es\/wp-json\/wp\/v2\/pages\/1357\/revisions\/3041"}],"wp:attachment":[{"href":"https:\/\/abogados-maryland.com\/es\/wp-json\/wp\/v2\/media?parent=1357"}],"curies":[{"name":"wp","href":"https:\/\/api.w.org\/{rel}","templated":true}]}}