{"id":246,"date":"2018-12-25T02:41:21","date_gmt":"2018-12-25T02:41:21","guid":{"rendered":"https:\/\/demo.casethemes.net\/lawsight\/?page_id=246"},"modified":"2022-09-30T14:13:31","modified_gmt":"2022-09-30T17:13:31","slug":"lawyer-profile","status":"publish","type":"page","link":"https:\/\/abogados-maryland.com\/es\/lawyer-profile\/","title":{"rendered":"Perfil Abogado"},"content":{"rendered":"<div data-vc-full-width=\"true\" data-vc-full-width-init=\"false\" data-vc-stretch-content=\"true\" class=\"vc_row wpb_row vc_row-fluid vc_custom_1551717048729 vc_row-no-padding vc_row-o-content-middle vc_row-flex bg-image-ps-inherit\"><div class=\"wpb_column vc_column_container vc_col-sm-12 vc_col-lg-6 vc_col-md-6 rm-padding-lg col-offset-left\"><div class=\"vc_column-inner vc_custom_1551625642296\"><div class=\"wpb_wrapper\"><div id=\"ct-heading\" class=\"ct-heading  style1 align-left align-left-md align-left-sm align-left-xs\">\n    \n            <style type=\"text\/css\">\n            @media (min-width: 768px) and (max-width: 991px) {\n                #ct-heading .ct-heading-tag {\n                                            font-size: 24px !important;\n                                                        }\n            }\n        <\/style>\n    \n            <style type=\"text\/css\">\n            @media screen and (max-width: 767px) {\n                #ct-heading .ct-heading-tag {\n                                            font-size: 24px !important;\n                                                        }\n            }\n        <\/style>\n                <div class=\"ct-heading-sub\" >\n            <span ><\/span>\n            Acerca de Nosotros        <\/div>\n            <h3 class=\"ct-heading-tag\" style=\"margin-bottom:0px; \">\n                                    \u00bfQu\u00e9 hacemos?                        <\/h3>\n            <div class=\"h-gap\">\n            <span>\n                <i ><\/i>\n                <i ><\/i>\n                <i ><\/i>\n                <i ><\/i>\n            <\/span>\n        <\/div>\n        <\/div>\n\t<div class=\"wpb_text_column wpb_content_element  vc_custom_1618418387303 text-block1\" >\n\t\t<div class=\"wpb_wrapper\">\n\t\t\t<p>El abogado Albert Coto centra su pr\u00e1ctica en la resoluci\u00f3n de asuntos financieros de personas. Albert Coto trabaj\u00f3 con un abogado que actualmente est\u00e1 designado como fideicomisario o fideicomisario de bancarrotas del Cap\u00edtulo 7. Albert Coto tiene siete a\u00f1os de experiencia trabajando en casos de Cap\u00edtulo 7 y Cap\u00edtulo 13.<\/p>\n<p>Adem\u00e1s, Albert Coto tiene experiencia en negociaciones de modificaci\u00f3n de pr\u00e9stamos y acuerdos de pago con acreedores y tambi\u00e9n est\u00e1 habilitado para ejercer la abogac\u00eda en las siguientes jurisdicciones:<\/p>\n<p>Albert Coto est\u00e1 habilitado para ejercer la abogac\u00eda en las siguientes jurisdicciones<\/p>\n\n\t\t<\/div>\n\t<\/div>\n\n\t<div class=\"wpb_raw_code wpb_content_element wpb_raw_html\" >\n\t\t<div class=\"wpb_wrapper\">\n\t\t\t<div class=\"call-us\">\nLl\u00e1manos para realizar cualquier <cite>Pregunta<\/cite> <span class=\"call-number\"><a href=\"\/es\/(240) 233-6816\/\">(240) 233-6816<\/a><span>\n<\/div>\n\t\t<\/div>\n\t<\/div>\n<\/div><\/div><\/div><div class=\"wpb_animate_when_almost_visible wpb_fadeInRight fadeInRight wpb_column vc_column_container vc_col-sm-12 vc_col-lg-6 vc_col-md-6 rm-padding-lg\"><div class=\"vc_column-inner vc_custom_1551949279230\"><div class=\"wpb_wrapper\"><div id=\"ct-box-bg-69d2a9e1652b2\" class=\"ct-box-bg bg-image\" style=\"background-image: url(https:\/\/abogados-maryland.com\/wp-content\/uploads\/2021\/04\/home-1.jpg);\">\n    <style type=\"text\/css\">\n        \n                    @media screen and (max-width: 767px) {\n                #ct-box-bg-69d2a9e1652b2 {\n                    height: 350px;\n                }\n            }\n            <\/style>\n            <div class=\"ct-box-image\"><img decoding=\"async\" src=\"https:\/\/abogados-maryland.com\/wp-content\/uploads\/2022\/09\/coto-scaled.jpg\" alt=\"Layer\" \/><\/div>\n    <\/div><\/div><\/div><\/div><\/div><div class=\"vc_row-full-width vc_clearfix\"><\/div><div class=\"vc_row wpb_row vc_row-fluid bg-image-ps-inherit\"><div class=\"wpb_column vc_column_container vc_col-sm-12\"><div class=\"vc_column-inner\"><div class=\"wpb_wrapper\"><div class=\"vc_row wpb_row vc_inner vc_row-fluid\"><div class=\"wpb_column vc_column_container vc_col-sm-3\"><div class=\"vc_column-inner\"><div class=\"wpb_wrapper\"><div class=\"ct-fancybox-layout3 col-same-height\" style=\"\">\n\t<div class=\"ct-fancybox-inner\">\n\t\t            <div class=\"ct-fancybox-icon\">\n                <img decoding=\"async\" class=\"icon-main\" src=\"https:\/\/abogados-maryland.com\/wp-content\/uploads\/2021\/04\/md.png\" alt=\"State of Maryland\"\/>\n            <\/div>\n        \n        <div class=\"ct-fancybox-content\">\n                            <h3 class=\"ct-fancybox-title\" style=\"\">\n                    Estado de Maryland                <\/h3>\n                                <\/div>\n\t<\/div>\n<\/div><\/div><\/div><\/div><div class=\"wpb_column vc_column_container vc_col-sm-3\"><div class=\"vc_column-inner\"><div class=\"wpb_wrapper\"><div class=\"ct-fancybox-layout3 col-same-height\" style=\"\">\n\t<div class=\"ct-fancybox-inner\">\n\t\t            <div class=\"ct-fancybox-icon\">\n                <img decoding=\"async\" class=\"icon-main\" src=\"https:\/\/abogados-maryland.com\/wp-content\/uploads\/2021\/04\/usa.png\" alt=\"The United States Court of the District of Maryland and District of Columbia\"\/>\n            <\/div>\n        \n        <div class=\"ct-fancybox-content\">\n                            <h3 class=\"ct-fancybox-title\" style=\"\">\n                    Corte de los Estados Unidos del Distrito de Maryland y el Distrito de Columbia                <\/h3>\n                                <\/div>\n\t<\/div>\n<\/div><\/div><\/div><\/div><div class=\"wpb_column vc_column_container vc_col-sm-3\"><div class=\"vc_column-inner\"><div class=\"wpb_wrapper\"><div class=\"ct-fancybox-layout3 col-same-height\" style=\"\">\n\t<div class=\"ct-fancybox-inner\">\n\t\t            <div class=\"ct-fancybox-icon\">\n                <img decoding=\"async\" class=\"icon-main\" src=\"https:\/\/abogados-maryland.com\/wp-content\/uploads\/2021\/04\/costa-rica.jpg\" alt=\"Costa Rica\"\/>\n            <\/div>\n        \n        <div class=\"ct-fancybox-content\">\n                            <h3 class=\"ct-fancybox-title\" style=\"\">\n                    Costa Rica                <\/h3>\n                                <\/div>\n\t<\/div>\n<\/div><\/div><\/div><\/div><div class=\"wpb_column vc_column_container vc_col-sm-3\"><div class=\"vc_column-inner\"><div class=\"wpb_wrapper\"><div class=\"ct-fancybox-layout3 col-same-height\" style=\"\">\n\t<div class=\"ct-fancybox-inner\">\n\t\t            <div class=\"ct-fancybox-icon\">\n                <img decoding=\"async\" class=\"icon-main\" src=\"https:\/\/abogados-maryland.com\/wp-content\/uploads\/2021\/04\/nyc.png\" alt=\"State of New York\"\/>\n            <\/div>\n        \n        <div class=\"ct-fancybox-content\">\n                            <h3 class=\"ct-fancybox-title\" style=\"\">\n                    Estado de Nueva York                <\/h3>\n                                <\/div>\n\t<\/div>\n<\/div><\/div><\/div><\/div><\/div><\/div><\/div><\/div><\/div><div class=\"vc_row wpb_row vc_row-fluid vc_custom_1618420871243 bg-image-ps-inherit\"><div class=\"wpb_column vc_column_container vc_col-sm-6\"><div class=\"vc_column-inner vc_custom_1551717040900\"><div class=\"wpb_wrapper\"><div class=\"vc_row wpb_row vc_inner vc_row-fluid\"><div class=\"wpb_column vc_column_container vc_col-sm-1\/5\"><div class=\"vc_column-inner\"><div class=\"wpb_wrapper\"><div class=\"vc_icon_element vc_icon_element-outer vc_icon_element-align-right\"><div class=\"vc_icon_element-inner vc_icon_element-color-custom vc_icon_element-size-md vc_icon_element-style- vc_icon_element-background-color-grey\" ><span class=\"vc_icon_element-icon fas fa-graduation-cap\" style=\"color:#bf800b !important\"><\/span><\/div><\/div><\/div><\/div><\/div><div class=\"wpb_column vc_column_container vc_col-sm-4\/5\"><div class=\"vc_column-inner\"><div class=\"wpb_wrapper\"><div id=\"ct-heading-2\" class=\"ct-heading  style1 align-left align-left-md align-left-sm align-left-xs\">\n    \n    \n                <h3 class=\"ct-heading-tag\" >\n                                    Educaci\u00f3n                        <\/h3>\n        <\/div><\/div><\/div><\/div><\/div>\n\t<div class=\"wpb_text_column wpb_content_element\" >\n\t\t<div class=\"wpb_wrapper\">\n\t\t\t<ul>\n<li><b>Licenciatura en Derecho Costarricense: <\/b><br \/>\nUniversidad Internacional de las Am\u00e9ricas, San Jos\u00e9, Costa Rica<\/li>\n<li><b>Maestro de leyes: <\/b><br \/>\nUniversidad Estatal de Nueva York en Buffalo Law School<\/li>\n<li><b>Idiomas <\/b><br \/>\nIngl\u00e9s, Espa\u00f1ol, Franc\u00e9s<\/li>\n<\/ul>\n\n\t\t<\/div>\n\t<\/div>\n<\/div><\/div><\/div><div class=\"wpb_column vc_column_container vc_col-sm-6\"><div class=\"vc_column-inner\"><div class=\"wpb_wrapper\"><div class=\"vc_row wpb_row vc_inner vc_row-fluid\"><div class=\"wpb_column vc_column_container vc_col-sm-1\/5\"><div class=\"vc_column-inner\"><div class=\"wpb_wrapper\"><div class=\"vc_icon_element vc_icon_element-outer vc_icon_element-align-right\"><div class=\"vc_icon_element-inner vc_icon_element-color-custom vc_icon_element-size-md vc_icon_element-style- vc_icon_element-background-color-grey\" ><span class=\"vc_icon_element-icon fas fa-users\" style=\"color:#bf800b !important\"><\/span><\/div><\/div><\/div><\/div><\/div><div class=\"wpb_column vc_column_container vc_col-sm-4\/5\"><div class=\"vc_column-inner\"><div class=\"wpb_wrapper\"><div id=\"ct-heading-3\" class=\"ct-heading  style1 align-left align-left-md align-left-sm align-left-xs\">\n    \n    \n                <h3 class=\"ct-heading-tag\" >\n                                    Membresias                        <\/h3>\n        <\/div><\/div><\/div><\/div><\/div>\n\t<div class=\"wpb_text_column wpb_content_element\" >\n\t\t<div class=\"wpb_wrapper\">\n\t\t\t<ul>\n<li>Instituto Americano de Quiebras<\/li>\n<li>Asociaci\u00f3n de Abogados de Estados Unidos<\/li>\n<li>Asociaci\u00f3n de Abogados del Estado de Maryland<\/li>\n<li>Colegio de Abogados del Estado de Nueva York<\/li>\n<li>Colegio de Abogados de Costa Rica<\/li>\n<\/ul>\n\n\t\t<\/div>\n\t<\/div>\n<\/div><\/div><\/div><\/div>","protected":false},"excerpt":{"rendered":"About us What We Do ? Attorney Albert Coto focuses his practice on solving financial matters of individuals. Albert Coto worked with an attorney who is currently appointed as a Chapter 7 bankruptcy trustee or trustee. Albert Coto has seven years of experience working Chapter 7 and Chapter 13 cases. In addition, Albert Coto has [...]","protected":false},"author":1,"featured_media":0,"parent":0,"menu_order":0,"comment_status":"closed","ping_status":"closed","template":"","meta":{"footnotes":""},"class_list":["post-246","page","type-page","status-publish","hentry"],"yoast_head":"<!-- This site is optimized with the Yoast SEO plugin v26.1.1 - https:\/\/yoast.com\/wordpress\/plugins\/seo\/ -->\n<title>Lawyer Profile - Abogados Maryland, Debt Relief Agency<\/title>\n<meta name=\"description\" content=\"Abogados Maryland, Alberto Coto&#039;s Law Office. Attorney Albert Coto focuses his practice on solving financial matters of individuals.\" \/>\n<meta name=\"robots\" content=\"index, follow, max-snippet:-1, max-image-preview:large, max-video-preview:-1\" \/>\n<link rel=\"canonical\" href=\"https:\/\/abogados-maryland.com\/es\/lawyer-profile\/\" \/>\n<meta property=\"og:locale\" content=\"es_ES\" \/>\n<meta property=\"og:type\" content=\"article\" \/>\n<meta property=\"og:title\" content=\"Lawyer Profile - Abogados Maryland, Debt Relief Agency\" \/>\n<meta property=\"og:description\" content=\"Abogados Maryland, Alberto Coto&#039;s Law Office. Attorney Albert Coto focuses his practice on solving financial matters of individuals.\" \/>\n<meta property=\"og:url\" content=\"https:\/\/abogados-maryland.com\/es\/lawyer-profile\/\" \/>\n<meta property=\"og:site_name\" content=\"Abogados Maryland\" \/>\n<meta property=\"article:modified_time\" content=\"2022-09-30T17:13:31+00:00\" \/>\n<meta name=\"twitter:card\" content=\"summary_large_image\" \/>\n<meta name=\"twitter:label1\" content=\"Tiempo de lectura\" \/>\n\t<meta name=\"twitter:data1\" content=\"2 minutos\" \/>\n<script type=\"application\/ld+json\" class=\"yoast-schema-graph\">{\"@context\":\"https:\/\/schema.org\",\"@graph\":[{\"@type\":\"WebPage\",\"@id\":\"https:\/\/abogados-maryland.com\/en\/lawyer-profile\/\",\"url\":\"https:\/\/abogados-maryland.com\/en\/lawyer-profile\/\",\"name\":\"Lawyer Profile - Abogados Maryland, Debt Relief Agency\",\"isPartOf\":{\"@id\":\"https:\/\/abogados-maryland.com\/en\/#website\"},\"datePublished\":\"2018-12-25T02:41:21+00:00\",\"dateModified\":\"2022-09-30T17:13:31+00:00\",\"description\":\"Abogados Maryland, Alberto Coto's Law Office. Attorney Albert Coto focuses his practice on solving financial matters of individuals.\",\"breadcrumb\":{\"@id\":\"https:\/\/abogados-maryland.com\/en\/lawyer-profile\/#breadcrumb\"},\"inLanguage\":\"es\",\"potentialAction\":[{\"@type\":\"ReadAction\",\"target\":[\"https:\/\/abogados-maryland.com\/en\/lawyer-profile\/\"]}]},{\"@type\":\"BreadcrumbList\",\"@id\":\"https:\/\/abogados-maryland.com\/en\/lawyer-profile\/#breadcrumb\",\"itemListElement\":[{\"@type\":\"ListItem\",\"position\":1,\"name\":\"Home\",\"item\":\"https:\/\/abogados-maryland.com\/en\/\"},{\"@type\":\"ListItem\",\"position\":2,\"name\":\"Lawyer Profile\"}]},{\"@type\":\"WebSite\",\"@id\":\"https:\/\/abogados-maryland.com\/en\/#website\",\"url\":\"https:\/\/abogados-maryland.com\/en\/\",\"name\":\"Abogados Maryland\",\"description\":\"Debt Relief Agency\",\"potentialAction\":[{\"@type\":\"SearchAction\",\"target\":{\"@type\":\"EntryPoint\",\"urlTemplate\":\"https:\/\/abogados-maryland.com\/en\/?s={search_term_string}\"},\"query-input\":{\"@type\":\"PropertyValueSpecification\",\"valueRequired\":true,\"valueName\":\"search_term_string\"}}],\"inLanguage\":\"es\"}]}<\/script>\n<!-- \/ Yoast SEO plugin. -->","yoast_head_json":{"title":"Lawyer Profile - Abogados Maryland, Debt Relief Agency","description":"Abogados Maryland, Alberto Coto's Law Office. Attorney Albert Coto focuses his practice on solving financial matters of individuals.","robots":{"index":"index","follow":"follow","max-snippet":"max-snippet:-1","max-image-preview":"max-image-preview:large","max-video-preview":"max-video-preview:-1"},"canonical":"https:\/\/abogados-maryland.com\/es\/lawyer-profile\/","og_locale":"es_ES","og_type":"article","og_title":"Lawyer Profile - Abogados Maryland, Debt Relief Agency","og_description":"Abogados Maryland, Alberto Coto's Law Office. Attorney Albert Coto focuses his practice on solving financial matters of individuals.","og_url":"https:\/\/abogados-maryland.com\/es\/lawyer-profile\/","og_site_name":"Abogados Maryland","article_modified_time":"2022-09-30T17:13:31+00:00","twitter_card":"summary_large_image","twitter_misc":{"Tiempo de lectura":"2 minutos"},"schema":{"@context":"https:\/\/schema.org","@graph":[{"@type":"WebPage","@id":"https:\/\/abogados-maryland.com\/en\/lawyer-profile\/","url":"https:\/\/abogados-maryland.com\/en\/lawyer-profile\/","name":"Lawyer Profile - Abogados Maryland, Debt Relief Agency","isPartOf":{"@id":"https:\/\/abogados-maryland.com\/en\/#website"},"datePublished":"2018-12-25T02:41:21+00:00","dateModified":"2022-09-30T17:13:31+00:00","description":"Abogados Maryland, Alberto Coto's Law Office. Attorney Albert Coto focuses his practice on solving financial matters of individuals.","breadcrumb":{"@id":"https:\/\/abogados-maryland.com\/en\/lawyer-profile\/#breadcrumb"},"inLanguage":"es","potentialAction":[{"@type":"ReadAction","target":["https:\/\/abogados-maryland.com\/en\/lawyer-profile\/"]}]},{"@type":"BreadcrumbList","@id":"https:\/\/abogados-maryland.com\/en\/lawyer-profile\/#breadcrumb","itemListElement":[{"@type":"ListItem","position":1,"name":"Home","item":"https:\/\/abogados-maryland.com\/en\/"},{"@type":"ListItem","position":2,"name":"Lawyer Profile"}]},{"@type":"WebSite","@id":"https:\/\/abogados-maryland.com\/en\/#website","url":"https:\/\/abogados-maryland.com\/en\/","name":"Abogados Maryland","description":"Debt Relief Agency","potentialAction":[{"@type":"SearchAction","target":{"@type":"EntryPoint","urlTemplate":"https:\/\/abogados-maryland.com\/en\/?s={search_term_string}"},"query-input":{"@type":"PropertyValueSpecification","valueRequired":true,"valueName":"search_term_string"}}],"inLanguage":"es"}]}},"_links":{"self":[{"href":"https:\/\/abogados-maryland.com\/es\/wp-json\/wp\/v2\/pages\/246","targetHints":{"allow":["GET"]}}],"collection":[{"href":"https:\/\/abogados-maryland.com\/es\/wp-json\/wp\/v2\/pages"}],"about":[{"href":"https:\/\/abogados-maryland.com\/es\/wp-json\/wp\/v2\/types\/page"}],"author":[{"embeddable":true,"href":"https:\/\/abogados-maryland.com\/es\/wp-json\/wp\/v2\/users\/1"}],"replies":[{"embeddable":true,"href":"https:\/\/abogados-maryland.com\/es\/wp-json\/wp\/v2\/comments?post=246"}],"version-history":[{"count":37,"href":"https:\/\/abogados-maryland.com\/es\/wp-json\/wp\/v2\/pages\/246\/revisions"}],"predecessor-version":[{"id":3033,"href":"https:\/\/abogados-maryland.com\/es\/wp-json\/wp\/v2\/pages\/246\/revisions\/3033"}],"wp:attachment":[{"href":"https:\/\/abogados-maryland.com\/es\/wp-json\/wp\/v2\/media?parent=246"}],"curies":[{"name":"wp","href":"https:\/\/api.w.org\/{rel}","templated":true}]}}